{"id":29,"date":"2023-02-07T14:51:53","date_gmt":"2023-02-07T14:51:53","guid":{"rendered":"https:\/\/jotteimeitaunohdettaisi.fi\/?page_id=29"},"modified":"2025-12-17T06:49:47","modified_gmt":"2025-12-17T06:49:47","slug":"projekteista","status":"publish","type":"page","link":"https:\/\/jotteimeitaunohdettaisi.fi\/index.php\/projekteista\/","title":{"rendered":"Valokuvakirjat"},"content":{"rendered":"\n<p><\/p>\n\n\n\n<h2 class=\"wp-block-heading has-text-align-center has-medium-font-size\">Valmistuneet kirjat<\/h2>\n\n\n\n<p><\/p>\n\n\n\n<h2 class=\"wp-block-heading has-text-align-center has-medium-font-size\">Mikko ja Anni Jupin perheen valokuvakirja valmistui vuonna 2025<\/h2>\n\n\n\n<p class=\"has-text-align-center\">Kirjaa oli saatavilla tilauksella fyysisen\u00e4 kirjaversiona. Kirjaa saatavilla viel\u00e4 digitaalisena versiona.<\/p>\n\n\n<div class=\"wp-block-image\">\n<figure class=\"aligncenter size-full is-resized\"><img loading=\"lazy\" decoding=\"async\" width=\"593\" height=\"837\" src=\"https:\/\/jotteimeitaunohdettaisi.fi\/wp-content\/uploads\/2025\/12\/Kansikuva-kirjasta.png\" alt=\"\" class=\"wp-image-555\" style=\"aspect-ratio:0.7084943268935909;width:312px;height:auto\" srcset=\"https:\/\/jotteimeitaunohdettaisi.fi\/wp-content\/uploads\/2025\/12\/Kansikuva-kirjasta.png 593w, https:\/\/jotteimeitaunohdettaisi.fi\/wp-content\/uploads\/2025\/12\/Kansikuva-kirjasta-213x300.png 213w\" sizes=\"auto, (max-width: 593px) 100vw, 593px\" \/><\/figure>\n<\/div>\n\n\n<p>.<\/p>\n\n\n\n<h2 class=\"wp-block-heading has-text-align-center has-medium-font-size\">Lyyli Koposen perheen kirja valmistui vuonna 2024<\/h2>\n\n\n<div class=\"wp-block-image\">\n<figure class=\"aligncenter size-full is-resized\"><img loading=\"lazy\" decoding=\"async\" width=\"597\" height=\"851\" src=\"https:\/\/jotteimeitaunohdettaisi.fi\/wp-content\/uploads\/2025\/12\/Kansikuva-Lyyli-Koposen-perheen-kirja-TEKSTILLA.png\" alt=\"\" class=\"wp-image-592\" style=\"aspect-ratio:0.6941922371705658;width:311px;height:auto\" srcset=\"https:\/\/jotteimeitaunohdettaisi.fi\/wp-content\/uploads\/2025\/12\/Kansikuva-Lyyli-Koposen-perheen-kirja-TEKSTILLA.png 597w, https:\/\/jotteimeitaunohdettaisi.fi\/wp-content\/uploads\/2025\/12\/Kansikuva-Lyyli-Koposen-perheen-kirja-TEKSTILLA-210x300.png 210w\" sizes=\"auto, (max-width: 597px) 100vw, 597px\" \/><\/figure>\n<\/div>\n\n\n<p>.<\/p>\n\n\n\n<p><\/p>\n\n\n\n<h2 class=\"wp-block-heading has-text-align-center\">Ty\u00f6n alla<\/h2>\n\n\n\n<p class=\"has-text-align-center\">Voit selailla Sallin ja Aleksin digitaalista valokuvakirjamallia <a href=\"https:\/\/jotteimeitaunohdettaisi.fi\/index.php\/2023\/02\/07\/sallin-ja-aleksin-valokuvakirja\/\">t\u00e4\u00e4lt\u00e4<\/a>.<\/p>\n\n\n<div class=\"wp-block-image\">\n<figure class=\"aligncenter size-full is-resized\"><a href=\"https:\/\/jotteimeitaunohdettaisi.fi\/index.php\/2023\/02\/07\/sallin-ja-aleksin-valokuvakirja\/\"><img loading=\"lazy\" decoding=\"async\" width=\"600\" height=\"272\" src=\"https:\/\/jotteimeitaunohdettaisi.fi\/wp-content\/uploads\/2023\/03\/aleksijasalli_banner3.jpg\" alt=\"\" class=\"wp-image-288\" style=\"width:444px;height:auto\" srcset=\"https:\/\/jotteimeitaunohdettaisi.fi\/wp-content\/uploads\/2023\/03\/aleksijasalli_banner3.jpg 600w, https:\/\/jotteimeitaunohdettaisi.fi\/wp-content\/uploads\/2023\/03\/aleksijasalli_banner3-300x136.jpg 300w\" sizes=\"auto, (max-width: 600px) 100vw, 600px\" \/><\/a><\/figure>\n<\/div>\n\n<div class=\"wp-block-image\">\n<figure class=\"aligncenter size-full is-resized\"><img loading=\"lazy\" decoding=\"async\" width=\"420\" height=\"179\" src=\"https:\/\/jotteimeitaunohdettaisi.fi\/wp-content\/uploads\/2023\/03\/swirls_sivulle1.png\" alt=\"\" class=\"wp-image-284\" style=\"width:234px;height:100px\" srcset=\"https:\/\/jotteimeitaunohdettaisi.fi\/wp-content\/uploads\/2023\/03\/swirls_sivulle1.png 420w, https:\/\/jotteimeitaunohdettaisi.fi\/wp-content\/uploads\/2023\/03\/swirls_sivulle1-300x128.png 300w\" sizes=\"auto, (max-width: 420px) 100vw, 420px\" \/><\/figure>\n<\/div>\n\n\n<h2 class=\"wp-block-heading has-text-align-center\">Valmiit lyhyet henkil\u00f6tarinat digitaalisina<\/h2>\n\n\n\n<p class=\"has-text-align-center\">Voit lukea Laurin tarinan <a href=\"https:\/\/jotteimeitaunohdettaisi.fi\/index.php\/2023\/03\/22\/laurin-tarina\/\">t\u00e4\u00e4lt\u00e4<\/a>.<\/p>\n\n\n<div class=\"wp-block-image\">\n<figure class=\"aligncenter size-large is-resized\"><img loading=\"lazy\" decoding=\"async\" width=\"807\" height=\"1024\" src=\"https:\/\/jotteimeitaunohdettaisi.fi\/wp-content\/uploads\/2025\/12\/1-Lauri-s-1921-yksityiskuva-2-807x1024.jpg\" alt=\"\" class=\"wp-image-550\" style=\"aspect-ratio:0.7880964597229349;width:205px;height:auto\" srcset=\"https:\/\/jotteimeitaunohdettaisi.fi\/wp-content\/uploads\/2025\/12\/1-Lauri-s-1921-yksityiskuva-2-807x1024.jpg 807w, https:\/\/jotteimeitaunohdettaisi.fi\/wp-content\/uploads\/2025\/12\/1-Lauri-s-1921-yksityiskuva-2-237x300.jpg 237w, https:\/\/jotteimeitaunohdettaisi.fi\/wp-content\/uploads\/2025\/12\/1-Lauri-s-1921-yksityiskuva-2-768x974.jpg 768w, https:\/\/jotteimeitaunohdettaisi.fi\/wp-content\/uploads\/2025\/12\/1-Lauri-s-1921-yksityiskuva-2-1211x1536.jpg 1211w, https:\/\/jotteimeitaunohdettaisi.fi\/wp-content\/uploads\/2025\/12\/1-Lauri-s-1921-yksityiskuva-2-1615x2048.jpg 1615w, https:\/\/jotteimeitaunohdettaisi.fi\/wp-content\/uploads\/2025\/12\/1-Lauri-s-1921-yksityiskuva-2-1140x1446.jpg 1140w, https:\/\/jotteimeitaunohdettaisi.fi\/wp-content\/uploads\/2025\/12\/1-Lauri-s-1921-yksityiskuva-2-scaled.jpg 2019w\" sizes=\"auto, (max-width: 807px) 100vw, 807px\" \/><\/figure>\n<\/div>\n\n<div class=\"wp-block-image\">\n<figure class=\"aligncenter size-full is-resized\"><img loading=\"lazy\" decoding=\"async\" width=\"420\" height=\"179\" src=\"https:\/\/jotteimeitaunohdettaisi.fi\/wp-content\/uploads\/2023\/03\/swirls_sivulle1.png\" alt=\"\" class=\"wp-image-284\" style=\"width:239px;height:102px\" srcset=\"https:\/\/jotteimeitaunohdettaisi.fi\/wp-content\/uploads\/2023\/03\/swirls_sivulle1.png 420w, https:\/\/jotteimeitaunohdettaisi.fi\/wp-content\/uploads\/2023\/03\/swirls_sivulle1-300x128.png 300w\" sizes=\"auto, (max-width: 420px) 100vw, 420px\" \/><\/figure>\n<\/div>\n\n\n<p class=\"has-text-align-center\">Voit lukea Kolan tarinan <a href=\"https:\/\/jotteimeitaunohdettaisi.fi\/index.php\/2023\/03\/22\/kolan-tarina\/\">t\u00e4\u00e4lt\u00e4<\/a>.<\/p>\n\n\n<div class=\"wp-block-image\">\n<figure class=\"aligncenter size-full is-resized\"><img loading=\"lazy\" decoding=\"async\" width=\"412\" height=\"518\" src=\"https:\/\/jotteimeitaunohdettaisi.fi\/wp-content\/uploads\/2025\/12\/7-Kola-s-Enhanced.jpg\" alt=\"\" class=\"wp-image-543\" style=\"aspect-ratio:0.7954110898661568;width:219px;height:auto\" srcset=\"https:\/\/jotteimeitaunohdettaisi.fi\/wp-content\/uploads\/2025\/12\/7-Kola-s-Enhanced.jpg 412w, https:\/\/jotteimeitaunohdettaisi.fi\/wp-content\/uploads\/2025\/12\/7-Kola-s-Enhanced-239x300.jpg 239w\" sizes=\"auto, (max-width: 412px) 100vw, 412px\" \/><\/figure>\n<\/div>\n\n<div class=\"wp-block-image\">\n<figure class=\"aligncenter size-full is-resized\"><img loading=\"lazy\" decoding=\"async\" width=\"420\" height=\"179\" src=\"https:\/\/jotteimeitaunohdettaisi.fi\/wp-content\/uploads\/2023\/03\/swirls_sivulle1.png\" alt=\"\" class=\"wp-image-284\" style=\"width:239px;height:102px\" srcset=\"https:\/\/jotteimeitaunohdettaisi.fi\/wp-content\/uploads\/2023\/03\/swirls_sivulle1.png 420w, https:\/\/jotteimeitaunohdettaisi.fi\/wp-content\/uploads\/2023\/03\/swirls_sivulle1-300x128.png 300w\" sizes=\"auto, (max-width: 420px) 100vw, 420px\" \/><\/figure>\n<\/div>\n\n\n<p class=\"has-text-align-center\">Voit lukea Katrin tarinan <a href=\"https:\/\/jotteimeitaunohdettaisi.fi\/index.php\/2023\/03\/22\/katrin-tarina\/\">t\u00e4\u00e4lt\u00e4<\/a>.<\/p>\n\n\n<div class=\"wp-block-image\">\n<figure class=\"aligncenter size-full is-resized\"><img decoding=\"async\" src=\"https:\/\/jotteimeitaunohdettaisi.fi\/wp-content\/uploads\/2025\/12\/3-c-Katri-s.-1915-Korjattu.jpg\" alt=\"\" class=\"wp-image-544\" style=\"aspect-ratio:0.7267909529667834;width:224px;height:auto\"\/><\/figure>\n<\/div>\n\n<div class=\"wp-block-image\">\n<figure class=\"aligncenter size-full is-resized\"><img loading=\"lazy\" decoding=\"async\" width=\"420\" height=\"179\" src=\"https:\/\/jotteimeitaunohdettaisi.fi\/wp-content\/uploads\/2023\/03\/swirls_sivulle1.png\" alt=\"\" class=\"wp-image-284\" style=\"width:239px;height:102px\" srcset=\"https:\/\/jotteimeitaunohdettaisi.fi\/wp-content\/uploads\/2023\/03\/swirls_sivulle1.png 420w, https:\/\/jotteimeitaunohdettaisi.fi\/wp-content\/uploads\/2023\/03\/swirls_sivulle1-300x128.png 300w\" sizes=\"auto, (max-width: 420px) 100vw, 420px\" \/><\/figure>\n<\/div>\n\n\n<p class=\"has-text-align-center\">Voit lukea Annin tarinan <a href=\"https:\/\/jotteimeitaunohdettaisi.fi\/index.php\/2023\/03\/22\/annin-tarina\/\">t\u00e4\u00e4lt\u00e4.<\/a><\/p>\n\n\n<div class=\"wp-block-image\">\n<figure class=\"aligncenter size-full is-resized\"><img loading=\"lazy\" decoding=\"async\" width=\"628\" height=\"813\" src=\"https:\/\/jotteimeitaunohdettaisi.fi\/wp-content\/uploads\/2025\/12\/1a-Anni-s.-1913.jpg\" alt=\"\" class=\"wp-image-547\" style=\"aspect-ratio:0.7724650175741097;width:216px;height:auto\" srcset=\"https:\/\/jotteimeitaunohdettaisi.fi\/wp-content\/uploads\/2025\/12\/1a-Anni-s.-1913.jpg 628w, https:\/\/jotteimeitaunohdettaisi.fi\/wp-content\/uploads\/2025\/12\/1a-Anni-s.-1913-232x300.jpg 232w\" sizes=\"auto, (max-width: 628px) 100vw, 628px\" \/><\/figure>\n<\/div>\n\n<div class=\"wp-block-image\">\n<figure class=\"aligncenter size-full is-resized\"><img loading=\"lazy\" decoding=\"async\" width=\"420\" height=\"179\" src=\"https:\/\/jotteimeitaunohdettaisi.fi\/wp-content\/uploads\/2023\/03\/swirls_sivulle1.png\" alt=\"\" class=\"wp-image-284\" style=\"width:239px;height:102px\" srcset=\"https:\/\/jotteimeitaunohdettaisi.fi\/wp-content\/uploads\/2023\/03\/swirls_sivulle1.png 420w, https:\/\/jotteimeitaunohdettaisi.fi\/wp-content\/uploads\/2023\/03\/swirls_sivulle1-300x128.png 300w\" sizes=\"auto, (max-width: 420px) 100vw, 420px\" \/><\/figure>\n<\/div>\n\n\n<p class=\"has-text-align-center\"><\/p>\n\n\n\n<p><\/p>\n","protected":false},"excerpt":{"rendered":"<p>Valmistuneet kirjat Mikko ja Anni Jupin perheen valokuvakirja valmistui vuonna 2025 Kirjaa oli saatavilla tilauksella fyysisen\u00e4 kirjaversiona. Kirjaa saatavilla viel\u00e4 digitaalisena versiona. . Lyyli Koposen perheen kirja valmistui vuonna 2024 . Ty\u00f6n alla Voit selailla Sallin ja Aleksin digitaalista valokuvakirjamallia t\u00e4\u00e4lt\u00e4. Valmiit lyhyet henkil\u00f6tarinat digitaalisina Voit lukea Laurin tarinan t\u00e4\u00e4lt\u00e4. Voit lukea Kolan tarinan t\u00e4\u00e4lt\u00e4. Voit lukea Katrin tarinan t\u00e4\u00e4lt\u00e4. Voit lukea Annin tarinan t\u00e4\u00e4lt\u00e4.<\/p>\n","protected":false},"author":1,"featured_media":0,"parent":0,"menu_order":0,"comment_status":"closed","ping_status":"closed","template":"","meta":{"footnotes":""},"class_list":["post-29","page","type-page","status-publish","hentry"],"jetpack_sharing_enabled":true,"_links":{"self":[{"href":"https:\/\/jotteimeitaunohdettaisi.fi\/index.php\/wp-json\/wp\/v2\/pages\/29","targetHints":{"allow":["GET"]}}],"collection":[{"href":"https:\/\/jotteimeitaunohdettaisi.fi\/index.php\/wp-json\/wp\/v2\/pages"}],"about":[{"href":"https:\/\/jotteimeitaunohdettaisi.fi\/index.php\/wp-json\/wp\/v2\/types\/page"}],"author":[{"embeddable":true,"href":"https:\/\/jotteimeitaunohdettaisi.fi\/index.php\/wp-json\/wp\/v2\/users\/1"}],"replies":[{"embeddable":true,"href":"https:\/\/jotteimeitaunohdettaisi.fi\/index.php\/wp-json\/wp\/v2\/comments?post=29"}],"version-history":[{"count":47,"href":"https:\/\/jotteimeitaunohdettaisi.fi\/index.php\/wp-json\/wp\/v2\/pages\/29\/revisions"}],"predecessor-version":[{"id":604,"href":"https:\/\/jotteimeitaunohdettaisi.fi\/index.php\/wp-json\/wp\/v2\/pages\/29\/revisions\/604"}],"wp:attachment":[{"href":"https:\/\/jotteimeitaunohdettaisi.fi\/index.php\/wp-json\/wp\/v2\/media?parent=29"}],"curies":[{"name":"wp","href":"https:\/\/api.w.org\/{rel}","templated":true}]}}