{"id":13,"date":"2023-02-07T14:39:36","date_gmt":"2023-02-07T14:39:36","guid":{"rendered":"https:\/\/jotteimeitaunohdettaisi.fi\/?page_id=13"},"modified":"2025-12-16T10:51:19","modified_gmt":"2025-12-16T10:51:19","slug":"tervetuloa","status":"publish","type":"page","link":"https:\/\/jotteimeitaunohdettaisi.fi\/","title":{"rendered":"Tervetuloa"},"content":{"rendered":"\n<p class=\"has-text-align-center\">Tutustumaan valokuvakirjaprojektiin, jonka nimi on Jottei meit\u00e4 unohdettaisi\u00ae<\/p>\n\n\n\n<p class=\"has-text-align-center\">Jottei meit\u00e4 unohdettaisi on nimisuojattu valokuvakirjasarja, jonka tavoitteena on ker\u00e4t\u00e4, digitoida ja j\u00e4rjestell\u00e4 perheiss\u00e4 ja suvuissa olevia vanhoja valokuvia valokuvakirjoiksi. Valokuvien lis\u00e4ksi kirjoihin lis\u00e4t\u00e4\u00e4n mausteeksi niihin liittyvi\u00e4 perim\u00e4- ja historiatietoja. T\u00e4m\u00e4 tallennettu tieto siirret\u00e4\u00e4n kokonaisuuksina fyysisiksi sek\u00e4 digitaalisiksi valokuvakirjoiksi.\u00a0<\/p>\n\n\n\n<p><\/p>\n","protected":false},"excerpt":{"rendered":"<p>Tutustumaan valokuvakirjaprojektiin, jonka nimi on Jottei meit\u00e4 unohdettaisi\u00ae Jottei meit\u00e4 unohdettaisi on nimisuojattu valokuvakirjasarja, jonka tavoitteena on ker\u00e4t\u00e4, digitoida ja j\u00e4rjestell\u00e4 perheiss\u00e4 ja suvuissa olevia vanhoja valokuvia valokuvakirjoiksi. Valokuvien lis\u00e4ksi kirjoihin lis\u00e4t\u00e4\u00e4n mausteeksi niihin liittyvi\u00e4 perim\u00e4- ja historiatietoja. T\u00e4m\u00e4 tallennettu tieto siirret\u00e4\u00e4n kokonaisuuksina fyysisiksi sek\u00e4 digitaalisiksi valokuvakirjoiksi.\u00a0<\/p>\n","protected":false},"author":1,"featured_media":0,"parent":0,"menu_order":0,"comment_status":"closed","ping_status":"closed","template":"","meta":{"footnotes":""},"class_list":["post-13","page","type-page","status-publish","hentry"],"jetpack_sharing_enabled":true,"_links":{"self":[{"href":"https:\/\/jotteimeitaunohdettaisi.fi\/index.php\/wp-json\/wp\/v2\/pages\/13","targetHints":{"allow":["GET"]}}],"collection":[{"href":"https:\/\/jotteimeitaunohdettaisi.fi\/index.php\/wp-json\/wp\/v2\/pages"}],"about":[{"href":"https:\/\/jotteimeitaunohdettaisi.fi\/index.php\/wp-json\/wp\/v2\/types\/page"}],"author":[{"embeddable":true,"href":"https:\/\/jotteimeitaunohdettaisi.fi\/index.php\/wp-json\/wp\/v2\/users\/1"}],"replies":[{"embeddable":true,"href":"https:\/\/jotteimeitaunohdettaisi.fi\/index.php\/wp-json\/wp\/v2\/comments?post=13"}],"version-history":[{"count":17,"href":"https:\/\/jotteimeitaunohdettaisi.fi\/index.php\/wp-json\/wp\/v2\/pages\/13\/revisions"}],"predecessor-version":[{"id":540,"href":"https:\/\/jotteimeitaunohdettaisi.fi\/index.php\/wp-json\/wp\/v2\/pages\/13\/revisions\/540"}],"wp:attachment":[{"href":"https:\/\/jotteimeitaunohdettaisi.fi\/index.php\/wp-json\/wp\/v2\/media?parent=13"}],"curies":[{"name":"wp","href":"https:\/\/api.w.org\/{rel}","templated":true}]}}